{"id":719,"date":"2013-01-06T12:43:15","date_gmt":"2013-01-06T12:43:15","guid":{"rendered":"http:\/\/artstudioworks.net\/wordpress\/energy\/?page_id=13"},"modified":"2025-11-07T23:02:35","modified_gmt":"2025-11-07T22:02:35","slug":"home","status":"publish","type":"page","link":"https:\/\/ever-move.be\/","title":{"rendered":"Home"},"content":{"rendered":"\t\t<div data-elementor-type=\"wp-post\" data-elementor-id=\"719\" class=\"elementor elementor-719\">\n\t\t\t\t\t\t<section class=\"elementor-section elementor-top-section elementor-element elementor-element-b8c21af elementor-section-boxed elementor-section-height-default elementor-section-height-default\" data-id=\"b8c21af\" data-element_type=\"section\" data-e-type=\"section\">\n\t\t\t\t\t\t<div class=\"elementor-container elementor-column-gap-default\">\n\t\t\t\t\t<div class=\"elementor-column elementor-col-100 elementor-top-column elementor-element elementor-element-5d8469e2\" data-id=\"5d8469e2\" data-element_type=\"column\" data-e-type=\"column\">\n\t\t\t<div class=\"elementor-widget-wrap elementor-element-populated\">\n\t\t\t\t\t\t<div class=\"elementor-element elementor-element-72c4da91 elementor-widget elementor-widget-text-editor\" data-id=\"72c4da91\" data-element_type=\"widget\" data-e-type=\"widget\" data-widget_type=\"text-editor.default\">\n\t\t\t\t<div class=\"elementor-widget-container\">\n\t\t\t\t\t\t\t\t\t<p><strong style=\"color: #333333; font-family: 'Open Sans', Arial, Helvetica, sans-serif; font-size: 46px; text-transform: uppercase;\"><em>Bienvenue<\/em><\/strong><\/p><h3><strong><em>sur le site de l&rsquo;asbl Ever-Move<\/em><\/strong><\/h3><p>l&rsquo;asbl EVER-MOVE vous accueille sur son tout nouveau site Internet. Nous esp\u00e9rons qu&rsquo;il vous plaira et qu&rsquo;il nous permettra de rester en contact&#8230;<\/p><p>Notre association a entre autre pour but de profiter d&rsquo;exp\u00e9riences de chaque partenaire pour organiser des activit\u00e9s \u00ab ouvertes \u00e0 tous \u00bb qui se diversifieront au fil du temps et des nouvelles d\u00e9couvertes.<\/p><p>Parmi les activit\u00e9s propos\u00e9es, on trouvera des escapades d&rsquo;un jour aux March\u00e9s de No\u00ebl de Cologne, des activit\u00e9s socioculturelles, un cross inter scolaire annuel ou encore des mini trip dans quelques villes europ\u00e9ennes<\/p>\t\t\t\t\t\t\t\t<\/div>\n\t\t\t\t<\/div>\n\t\t\t\t<div class=\"elementor-element elementor-element-5f1bb29 elementor-widget elementor-widget-image\" data-id=\"5f1bb29\" data-element_type=\"widget\" data-e-type=\"widget\" data-widget_type=\"image.default\">\n\t\t\t\t<div class=\"elementor-widget-container\">\n\t\t\t\t\t\t\t\t\t\t\t\t\t\t\t\t<a href=\"https:\/\/ever-move.be\">\n\t\t\t\t\t\t\t<img  title=\"logo everemove &#8211; li\u00e9 et sans fond\" alt=\"logo everemove - li\u00e9 et sans fond\" loading=\"lazy\" \/ class=\"lws-optimize-lazyload\" data-src=\"https:\/\/ever-move.be\/wp-content\/uploads\/elementor\/thumbs\/logo-everemove-li\u00e9-et-sans-fond-qzv6fupjaf94l4upb2amebk2ynbvdx3ohz50skkqve.png\">\t\t\t\t\t\t\t\t<\/a>\n\t\t\t\t\t\t\t\t\t\t\t\t\t\t\t<\/div>\n\t\t\t\t<\/div>\n\t\t\t\t\t<\/div>\n\t\t<\/div>\n\t\t\t\t\t<\/div>\n\t\t<\/section>\n\t\t\t\t<section class=\"elementor-section elementor-top-section elementor-element elementor-element-49e3b8b elementor-section-boxed elementor-section-height-default elementor-section-height-default\" data-id=\"49e3b8b\" data-element_type=\"section\" data-e-type=\"section\">\n\t\t\t\t\t\t<div class=\"elementor-container elementor-column-gap-default\">\n\t\t\t\t\t<div class=\"elementor-column elementor-col-100 elementor-top-column elementor-element elementor-element-eb30a18\" data-id=\"eb30a18\" data-element_type=\"column\" data-e-type=\"column\">\n\t\t\t<div class=\"elementor-widget-wrap elementor-element-populated\">\n\t\t\t\t\t\t\t<\/div>\n\t\t<\/div>\n\t\t\t\t\t<\/div>\n\t\t<\/section>\n\t\t\t\t<section class=\"elementor-section elementor-top-section elementor-element elementor-element-a9448d3 elementor-section-boxed elementor-section-height-default elementor-section-height-default\" data-id=\"a9448d3\" data-element_type=\"section\" data-e-type=\"section\">\n\t\t\t\t\t\t<div class=\"elementor-container elementor-column-gap-default\">\n\t\t\t\t\t<div class=\"elementor-column elementor-col-100 elementor-top-column elementor-element elementor-element-3e9a819\" data-id=\"3e9a819\" data-element_type=\"column\" data-e-type=\"column\">\n\t\t\t<div class=\"elementor-widget-wrap elementor-element-populated\">\n\t\t\t\t\t\t<div class=\"elementor-element elementor-element-3b2ea1a elementor-widget elementor-widget-image\" data-id=\"3b2ea1a\" data-element_type=\"widget\" data-e-type=\"widget\" data-widget_type=\"image.default\">\n\t\t\t\t<div class=\"elementor-widget-container\">\n\t\t\t\t\t\t\t\t\t\t\t\t\t\t\t\t<a href=\"https:\/\/ever-move.be\/index.php\/home\/marches-de-noel-2025\/\">\n\t\t\t\t\t\t\t<img  title=\"Affiches March\u00e9s De No\u00ebl 2025\" alt=\"Affiches March\u00e9s De No\u00ebl 2025\" loading=\"lazy\" \/ class=\"lws-optimize-lazyload\" data-src=\"https:\/\/ever-move.be\/wp-content\/uploads\/elementor\/thumbs\/Affiches-Marches-De-Noel-Finale-Pour-de-vrai-V2-2-reb7s7oywmimg3m4hij89qlu07y34re7usplkuy5aw.png\">\t\t\t\t\t\t\t\t<\/a>\n\t\t\t\t\t\t\t\t\t\t\t\t\t\t\t<\/div>\n\t\t\t\t<\/div>\n\t\t\t\t\t<\/div>\n\t\t<\/div>\n\t\t\t\t\t<\/div>\n\t\t<\/section>\n\t\t\t\t<\/div>\n\t\t","protected":false},"excerpt":{"rendered":"<p>Bienvenue sur le site de l&rsquo;asbl Ever-Move l&rsquo;asbl EVER-MOVE vous accueille sur son tout nouveau site Internet. Nous esp\u00e9rons qu&rsquo;il vous plaira et qu&rsquo;il nous permettra de rester en contact&#8230; Notre association a entre autre pour but de profiter d&rsquo;exp\u00e9riences de chaque partenaire pour organiser des activit\u00e9s \u00ab ouvertes \u00e0 tous \u00bb qui se diversifieront [&hellip;]<\/p>\n","protected":false},"author":3,"featured_media":0,"parent":0,"menu_order":0,"comment_status":"closed","ping_status":"open","template":"page-sidebar.php","meta":{"footnotes":""},"class_list":["post-719","page","type-page","status-publish","hentry","wpbf-post"],"jetpack_sharing_enabled":true,"jetpack_shortlink":"https:\/\/wp.me\/PaMEKx-bB","_links":{"self":[{"href":"https:\/\/ever-move.be\/index.php\/wp-json\/wp\/v2\/pages\/719","targetHints":{"allow":["GET"]}}],"collection":[{"href":"https:\/\/ever-move.be\/index.php\/wp-json\/wp\/v2\/pages"}],"about":[{"href":"https:\/\/ever-move.be\/index.php\/wp-json\/wp\/v2\/types\/page"}],"author":[{"embeddable":true,"href":"https:\/\/ever-move.be\/index.php\/wp-json\/wp\/v2\/users\/3"}],"replies":[{"embeddable":true,"href":"https:\/\/ever-move.be\/index.php\/wp-json\/wp\/v2\/comments?post=719"}],"version-history":[{"count":231,"href":"https:\/\/ever-move.be\/index.php\/wp-json\/wp\/v2\/pages\/719\/revisions"}],"predecessor-version":[{"id":6891,"href":"https:\/\/ever-move.be\/index.php\/wp-json\/wp\/v2\/pages\/719\/revisions\/6891"}],"wp:attachment":[{"href":"https:\/\/ever-move.be\/index.php\/wp-json\/wp\/v2\/media?parent=719"}],"curies":[{"name":"wp","href":"https:\/\/api.w.org\/{rel}","templated":true}]}}