{"id":6825,"date":"2025-11-06T18:29:41","date_gmt":"2025-11-06T17:29:41","guid":{"rendered":"https:\/\/ever-move.be\/?page_id=6825"},"modified":"2025-11-07T23:00:12","modified_gmt":"2025-11-07T22:00:12","slug":"marches-de-noel-2025","status":"publish","type":"page","link":"https:\/\/ever-move.be\/index.php\/home\/marches-de-noel-2025\/","title":{"rendered":"March\u00e9s de No\u00ebl 2025"},"content":{"rendered":"\t\t<div data-elementor-type=\"wp-post\" data-elementor-id=\"6825\" class=\"elementor elementor-6825\">\n\t\t\t\t\t\t<section class=\"elementor-section elementor-top-section elementor-element elementor-element-af5068f elementor-section-boxed elementor-section-height-default elementor-section-height-default\" data-id=\"af5068f\" data-element_type=\"section\" data-e-type=\"section\">\n\t\t\t\t\t\t<div class=\"elementor-container elementor-column-gap-default\">\n\t\t\t\t\t<div class=\"elementor-column elementor-col-100 elementor-top-column elementor-element elementor-element-2f6bb7d\" data-id=\"2f6bb7d\" data-element_type=\"column\" data-e-type=\"column\">\n\t\t\t<div class=\"elementor-widget-wrap elementor-element-populated\">\n\t\t\t\t\t\t<div class=\"elementor-element elementor-element-699f744 elementor-arrows-position-inside elementor-pagination-position-outside elementor-widget elementor-widget-image-carousel\" data-id=\"699f744\" data-element_type=\"widget\" data-e-type=\"widget\" data-settings=\"{&quot;autoplay_speed&quot;:4000,&quot;navigation&quot;:&quot;both&quot;,&quot;autoplay&quot;:&quot;yes&quot;,&quot;pause_on_interaction&quot;:&quot;yes&quot;,&quot;infinite&quot;:&quot;yes&quot;,&quot;speed&quot;:500}\" data-widget_type=\"image-carousel.default\">\n\t\t\t\t<div class=\"elementor-widget-container\">\n\t\t\t\t\t\t\t<div class=\"elementor-image-carousel-wrapper swiper\" role=\"region\" aria-roledescription=\"carousel\" aria-label=\"Carrousel d\u2019images\" dir=\"ltr\">\n\t\t\t<div class=\"elementor-image-carousel swiper-wrapper\" aria-live=\"off\">\n\t\t\t\t\t\t\t\t<div class=\"swiper-slide\" role=\"group\" aria-roledescription=\"slide\" aria-label=\"1 sur 7\"><figure class=\"swiper-slide-inner\"><img class=\"swiper-slide-image lws-optimize-lazyload\"  alt=\"Top-8-des-plus-beaux-marches-de-Noel-en-Belgique-en-2024-4-2048x1143\" \/ data-src=\"https:\/\/i0.wp.com\/ever-move.be\/wp-content\/uploads\/2025\/11\/Top-8-des-plus-beaux-marches-de-Noel-en-Belgique-en-2024-4-2048x1143-1.jpg?fit=300%2C226&amp;ssl=1\"><\/figure><\/div><div class=\"swiper-slide\" role=\"group\" aria-roledescription=\"slide\" aria-label=\"2 sur 7\"><figure class=\"swiper-slide-inner\"><img class=\"swiper-slide-image lws-optimize-lazyload\"  alt=\"ob_4cd53f_vase-raku-10\" \/ data-src=\"https:\/\/i0.wp.com\/ever-move.be\/wp-content\/uploads\/2025\/11\/ob_4cd53f_vase-raku-10.jpg?fit=300%2C225&amp;ssl=1\"><\/figure><\/div><div class=\"swiper-slide\" role=\"group\" aria-roledescription=\"slide\" aria-label=\"3 sur 7\"><figure class=\"swiper-slide-inner\"><img class=\"swiper-slide-image lws-optimize-lazyload\"  alt=\"Belgique-Bruges-Grand-Place-Noel-que-voir-2048x1152\" \/ data-src=\"https:\/\/i0.wp.com\/ever-move.be\/wp-content\/uploads\/2025\/11\/Belgique-Bruges-Grand-Place-Noel-que-voir-2048x1152-1.jpg?fit=300%2C224&amp;ssl=1\"><\/figure><\/div><div class=\"swiper-slide\" role=\"group\" aria-roledescription=\"slide\" aria-label=\"4 sur 7\"><figure class=\"swiper-slide-inner\"><img class=\"swiper-slide-image lws-optimize-lazyload\"  alt=\"B9735730200Z.1_20240103180002_000+GSKO1MJMK.1-0\" \/ data-src=\"https:\/\/i0.wp.com\/ever-move.be\/wp-content\/uploads\/2025\/11\/B9735730200Z.1_20240103180002_000GSKO1MJMK.1-0.jpg?fit=300%2C224&amp;ssl=1\"><\/figure><\/div><div class=\"swiper-slide\" role=\"group\" aria-roledescription=\"slide\" aria-label=\"5 sur 7\"><figure class=\"swiper-slide-inner\"><img class=\"swiper-slide-image lws-optimize-lazyload\"  alt=\"79454170_1719622124838978_3588313930197368832_n\" \/ data-src=\"https:\/\/i0.wp.com\/ever-move.be\/wp-content\/uploads\/2025\/11\/79454170_1719622124838978_3588313930197368832_n.jpg?fit=300%2C225&amp;ssl=1\"><\/figure><\/div><div class=\"swiper-slide\" role=\"group\" aria-roledescription=\"slide\" aria-label=\"6 sur 7\"><figure class=\"swiper-slide-inner\"><img class=\"swiper-slide-image lws-optimize-lazyload\"  alt=\"79122472_1719993604801830_201623314110611456_n\" \/ data-src=\"https:\/\/i0.wp.com\/ever-move.be\/wp-content\/uploads\/2025\/11\/79122472_1719993604801830_201623314110611456_n.jpg?fit=300%2C227&amp;ssl=1\"><\/figure><\/div><div class=\"swiper-slide\" role=\"group\" aria-roledescription=\"slide\" aria-label=\"7 sur 7\"><figure class=\"swiper-slide-inner\"><img class=\"swiper-slide-image lws-optimize-lazyload\"  alt=\"March\u00e9s de No\u00ebl 2025\" \/ data-src=\"https:\/\/i0.wp.com\/ever-move.be\/wp-content\/uploads\/2025\/11\/20241109_133012_21605-tab.jpg?fit=300%2C225&amp;ssl=1\"><\/figure><\/div>\t\t\t<\/div>\n\t\t\t\t\t\t\t\t\t\t\t\t<div class=\"elementor-swiper-button elementor-swiper-button-prev\" role=\"button\" tabindex=\"0\">\n\t\t\t\t\t\t<i aria-hidden=\"true\" class=\"eicon-chevron-left\"><\/i>\t\t\t\t\t<\/div>\n\t\t\t\t\t<div class=\"elementor-swiper-button elementor-swiper-button-next\" role=\"button\" tabindex=\"0\">\n\t\t\t\t\t\t<i aria-hidden=\"true\" class=\"eicon-chevron-right\"><\/i>\t\t\t\t\t<\/div>\n\t\t\t\t\n\t\t\t\t\t\t\t\t\t<div class=\"swiper-pagination\"><\/div>\n\t\t\t\t\t\t\t\t\t<\/div>\n\t\t\t\t\t\t<\/div>\n\t\t\t\t<\/div>\n\t\t\t\t<div class=\"elementor-element elementor-element-97833fb elementor-widget elementor-widget-image\" data-id=\"97833fb\" data-element_type=\"widget\" data-e-type=\"widget\" data-widget_type=\"image.default\">\n\t\t\t\t<div class=\"elementor-widget-container\">\n\t\t\t\t\t\t\t\t\t\t\t\t\t\t\t<img  title=\"Affiches March\u00e9s De No\u00ebl 2025\" alt=\"Affiches March\u00e9s De No\u00ebl 2025\" loading=\"lazy\" \/ class=\"lws-optimize-lazyload\" data-src=\"https:\/\/ever-move.be\/wp-content\/uploads\/elementor\/thumbs\/Affiches-Marches-De-Noel-Finale-Pour-de-vrai-V2-2-reb7s7p15bgm5wbi8c5nnujllujr4cvd3on3ke7xxc.png\">\t\t\t\t\t\t\t\t\t\t\t\t\t\t\t<\/div>\n\t\t\t\t<\/div>\n\t\t\t\t\t<\/div>\n\t\t<\/div>\n\t\t\t\t\t<\/div>\n\t\t<\/section>\n\t\t\t\t<section class=\"elementor-section elementor-top-section elementor-element elementor-element-28b062ad elementor-section-boxed elementor-section-height-default elementor-section-height-default\" data-id=\"28b062ad\" data-element_type=\"section\" data-e-type=\"section\">\n\t\t\t\t\t\t<div class=\"elementor-container elementor-column-gap-default\">\n\t\t\t\t\t<div class=\"elementor-column elementor-col-100 elementor-top-column elementor-element elementor-element-1b5b2bd\" data-id=\"1b5b2bd\" data-element_type=\"column\" data-e-type=\"column\">\n\t\t\t<div class=\"elementor-widget-wrap elementor-element-populated\">\n\t\t\t\t\t\t<div class=\"elementor-element elementor-element-425c36fd elementor-widget elementor-widget-text-editor\" data-id=\"425c36fd\" data-element_type=\"widget\" data-e-type=\"widget\" data-widget_type=\"text-editor.default\">\n\t\t\t\t<div class=\"elementor-widget-container\">\n\t\t\t\t\t\t\t\t\t<p>L\u2019asbl EVER-MOVE vous propose le samedi 20 d\u00e9cembre 2025, sa traditionnelle visite de march\u00e9s de No\u00ebl. Cette ann\u00e9e, nous vous proposons de d\u00e9couvrir Gravelines (et son plus beau march\u00e9 de la c\u00f4te d&rsquo;Opale) ainsi que la superbe Bruges !<\/p><p>Occasion de profiter en famille ou entre amis des joies et des plaisirs de la p\u00e9riode de No\u00ebl, de d\u00e9guster diverses douceurs et de d\u00e9nicher certains cadeaux de fin d\u2019ann\u00e9e.<\/p><p><strong>&gt; Au programme :<\/strong><\/p><p><strong><em>\u2013 d\u00e9part d\u2019Evere (10h45)<\/em><\/strong><\/p><p><strong><em>\u2013 voyage en car<\/em><\/strong><\/p><p><strong><em>\u2013 Visite du march\u00e9 de Gravelines (FR)<\/em><\/strong><\/p><p><strong><em>\u2013 Visite libre des march\u00e9s de No\u00ebl et de la ville de Bruges<\/em><\/strong><\/p><p><strong><em>\u2013 accompagnateurs<\/em><\/strong><\/p><p><strong><em>\u2013 Retour vers 23h00<\/em><\/strong><\/p><p><strong>&gt; Les prix pour ce s\u00e9jour sont :<\/strong><\/p><p><strong>\u2013 pour les habitants d\u2019Evere : 29\u20ac\/pers\u00a0(19\u20ac pour les moins de 12 ans)\u00a0<\/strong><i><\/i><\/p><p><strong>\u2013 pour les non-Everois : 39\u20ac\/pers<\/strong><\/p><p><strong>&gt; R\u00e9servation :<\/strong><\/p><p>Les r\u00e9servations s\u2019effectuent via notre\u00a0formulaire d\u2019inscription<\/p><p>Celles-ci ne seront effectives qu\u2019apr\u00e8s paiement du solde sur le compte de l\u2019asbl :\u00a0<strong>(<\/strong><strong><span style=\"color: #ff0000;\">BE95 0019 5396 4158<\/span>\u00a0\u00a0<\/strong><strong>attention nouveau compte bancaire 2024!)<\/strong><\/p><p>Tout paiement doit \u00eatre accompagn\u00e9 de la communication suivante\u00a0: \u00ab\u00a0NOEL2025 + les noms des personnes\u00a0\u00bb.<\/p><p>D\u00e8s r\u00e9servation et paiement, vous recevrez un document de confirmation reprenant toutes les informations pratiques dont vous aurez besoin pour pr\u00e9parer au mieux votre journ\u00e9e.<\/p><p><strong>&gt; Informations suppl\u00e9mentaires\u00a0:<\/strong><\/p><p><strong><em>* places limit\u00e9es\u00a0!<\/em><\/strong><\/p><p><strong><em>** aucune r\u00e9servation ferme sans paiement dans un d\u00e9lai de 5 jours<\/em><\/strong><\/p><p><strong><em>*** Les annulations au-del\u00e0 du 30 novembre 2025 ne seront pas rembours\u00e9es, sauf cas de force majeure \u00e0 l\u2019appr\u00e9ciation des organisateurs.<\/em><\/strong><\/p><p><strong><em>**** Pour des raisons exceptionnelles ou si un nombre minimum de participants n\u2019est pas atteint, le voyage peut \u00eatre annul\u00e9. Un remboursement complet sera \u00e9videmment effectif<\/em><\/strong><\/p><p><strong><em>Pour toute question ou information suppl\u00e9mentaire, n\u2019h\u00e9sitez pas \u00e0 nous\u00a0<\/em><span style=\"text-decoration: underline;\"><a href=\"http:\/\/ever-move.be\/index.php\/contact\/\" target=\"_blank\" rel=\"noopener\" data-saferedirecturl=\"https:\/\/www.google.com\/url?q=http:\/\/ever-move.be\/index.php\/contact\/&amp;source=gmail&amp;ust=1762521405111000&amp;usg=AOvVaw3gvUk5IcD--M8eUcRV_mI6\"><em>contacter<\/em><\/a><\/span><em>!<\/em><\/strong><\/p><div class=\"wpforms-container wpforms-container-full\" id=\"wpforms-6808\"><form id=\"wpforms-form-6808\" class=\"wpforms-validate wpforms-form\" data-formid=\"6808\" method=\"post\" enctype=\"multipart\/form-data\" action=\"\/index.php\/wp-json\/wp\/v2\/pages\/6825\" data-token=\"8c9a9532712db33ca7730f02260806e4\" data-token-time=\"1776138494\"><noscript class=\"wpforms-error-noscript\">Veuillez activer JavaScript dans votre navigateur pour remplir ce formulaire.<\/noscript><div class=\"wpforms-field-container\"><div id=\"wpforms-6808-field_1-container\" class=\"wpforms-field wpforms-field-name\" data-field-id=\"1\"><label class=\"wpforms-field-label\">Participant <span class=\"wpforms-required-label\">*<\/span><\/label><div class=\"wpforms-field-row wpforms-field-medium\"><div class=\"wpforms-field-row-block wpforms-first wpforms-one-half\"><input type=\"text\" id=\"wpforms-6808-field_1\" class=\"wpforms-field-name-first wpforms-field-required\" name=\"wpforms[fields][1][first]\" required><label for=\"wpforms-6808-field_1\" class=\"wpforms-field-sublabel after\">Pr\u00e9nom<\/label><\/div><div class=\"wpforms-field-row-block wpforms-one-half\"><input type=\"text\" id=\"wpforms-6808-field_1-last\" class=\"wpforms-field-name-last wpforms-field-required\" name=\"wpforms[fields][1][last]\" required><label for=\"wpforms-6808-field_1-last\" class=\"wpforms-field-sublabel after\">Nom<\/label><\/div><\/div><\/div><div id=\"wpforms-6808-field_5-container\" class=\"wpforms-field wpforms-field-text\" data-field-id=\"5\"><label class=\"wpforms-field-label\" for=\"wpforms-6808-field_5\">Adresse <span class=\"wpforms-required-label\">*<\/span><\/label><input type=\"text\" id=\"wpforms-6808-field_5\" class=\"wpforms-field-medium wpforms-field-required\" name=\"wpforms[fields][5]\" required><div class=\"wpforms-field-description\">Ne pas oublier d&rsquo;indiquer le num\u00e9ro de votre rue ! <\/div><\/div><div id=\"wpforms-6808-field_8-container\" class=\"wpforms-field wpforms-field-number\" data-field-id=\"8\"><label class=\"wpforms-field-label\" for=\"wpforms-6808-field_8\">Code postal <span class=\"wpforms-required-label\">*<\/span><\/label><input type=\"number\" id=\"wpforms-6808-field_8\" class=\"wpforms-field-medium wpforms-field-required\" name=\"wpforms[fields][8]\" step=\"any\" required><\/div><div id=\"wpforms-6808-field_6-container\" class=\"wpforms-field wpforms-field-email\" data-field-id=\"6\"><label class=\"wpforms-field-label\">Email <span class=\"wpforms-required-label\">*<\/span><\/label><div class=\"wpforms-field-row wpforms-field-medium\"><div class=\"wpforms-field-row-block wpforms-one-half wpforms-first\"><input type=\"email\" id=\"wpforms-6808-field_6\" class=\"wpforms-field-required wpforms-field-email-primary\" name=\"wpforms[fields][6][primary]\" spellcheck=\"false\" required><label for=\"wpforms-6808-field_6\" class=\"wpforms-field-sublabel after\">E-mail<\/label><\/div><div class=\"wpforms-field-row-block wpforms-one-half\"><input type=\"email\" id=\"wpforms-6808-field_6-secondary\" class=\"wpforms-field-email-secondary wpforms-field-required\" data-rule-confirm=\"#wpforms-6808-field_6\" name=\"wpforms[fields][6][secondary]\" spellcheck=\"false\" required><label for=\"wpforms-6808-field_6-secondary\" class=\"wpforms-field-sublabel after\">Confirmez l\u2019e-mail<\/label><\/div><\/div><\/div><div id=\"wpforms-6808-field_3-container\" class=\"wpforms-field wpforms-field-text\" data-field-id=\"3\"><label class=\"wpforms-field-label\" for=\"wpforms-6808-field_3\">Ann\u00e9e de naissance <span class=\"wpforms-required-label\">*<\/span><\/label><input type=\"text\" id=\"wpforms-6808-field_3\" class=\"wpforms-field-medium wpforms-field-required\" name=\"wpforms[fields][3]\" required><\/div><div id=\"wpforms-6808-field_7-container\" class=\"wpforms-field wpforms-field-text\" data-field-id=\"7\"><label class=\"wpforms-field-label\" for=\"wpforms-6808-field_7\">Num\u00e9ro de GSM actif le jour du voyage <span class=\"wpforms-required-label\">*<\/span><\/label><input type=\"text\" id=\"wpforms-6808-field_7\" class=\"wpforms-field-medium wpforms-field-required\" name=\"wpforms[fields][7]\" required><\/div><div id=\"wpforms-6808-field_17-container\" class=\"wpforms-field wpforms-field-textarea\" data-field-id=\"17\"><label class=\"wpforms-field-label\" for=\"wpforms-6808-field_17\">Nom de la personne faisant le paiement <span class=\"wpforms-required-label\">*<\/span><\/label><textarea id=\"wpforms-6808-field_17\" class=\"wpforms-field-small wpforms-field-required\" name=\"wpforms[fields][17]\" required><\/textarea><\/div><div id=\"wpforms-6808-field_11-container\" class=\"wpforms-field wpforms-field-name\" data-field-id=\"11\"><label class=\"wpforms-field-label\">Accompagnant(e) (1)<\/label><div class=\"wpforms-field-row wpforms-field-medium\"><div class=\"wpforms-field-row-block wpforms-first wpforms-one-half\"><input type=\"text\" id=\"wpforms-6808-field_11\" class=\"wpforms-field-name-first\" name=\"wpforms[fields][11][first]\" ><label for=\"wpforms-6808-field_11\" class=\"wpforms-field-sublabel after\">Pr\u00e9nom<\/label><\/div><div class=\"wpforms-field-row-block wpforms-one-half\"><input type=\"text\" id=\"wpforms-6808-field_11-last\" class=\"wpforms-field-name-last\" name=\"wpforms[fields][11][last]\" ><label for=\"wpforms-6808-field_11-last\" class=\"wpforms-field-sublabel after\">Nom<\/label><\/div><\/div><\/div><div id=\"wpforms-6808-field_54-container\" class=\"wpforms-field wpforms-field-radio\" data-field-id=\"54\"><label class=\"wpforms-field-label wpforms-label-hide\">everois(e) \/ non-everois(e)<\/label><ul id=\"wpforms-6808-field_54\"><li class=\"choice-1 depth-1\"><input type=\"radio\" id=\"wpforms-6808-field_54_1\" name=\"wpforms[fields][54]\" value=\"everois(e)\"  ><label class=\"wpforms-field-label-inline\" for=\"wpforms-6808-field_54_1\">everois(e)<\/label><\/li><li class=\"choice-2 depth-1\"><input type=\"radio\" id=\"wpforms-6808-field_54_2\" name=\"wpforms[fields][54]\" value=\"non-everois(e)\"  ><label class=\"wpforms-field-label-inline\" for=\"wpforms-6808-field_54_2\">non-everois(e)<\/label><\/li><\/ul><\/div><div id=\"wpforms-6808-field_12-container\" class=\"wpforms-field wpforms-field-name\" data-field-id=\"12\"><label class=\"wpforms-field-label\">Accompagnant(e) (2)<\/label><div class=\"wpforms-field-row wpforms-field-medium\"><div class=\"wpforms-field-row-block wpforms-first wpforms-one-half\"><input type=\"text\" id=\"wpforms-6808-field_12\" class=\"wpforms-field-name-first\" name=\"wpforms[fields][12][first]\" ><label for=\"wpforms-6808-field_12\" class=\"wpforms-field-sublabel after\">Pr\u00e9nom<\/label><\/div><div class=\"wpforms-field-row-block wpforms-one-half\"><input type=\"text\" id=\"wpforms-6808-field_12-last\" class=\"wpforms-field-name-last\" name=\"wpforms[fields][12][last]\" ><label for=\"wpforms-6808-field_12-last\" class=\"wpforms-field-sublabel after\">Nom<\/label><\/div><\/div><\/div><div id=\"wpforms-6808-field_58-container\" class=\"wpforms-field wpforms-field-radio\" data-field-id=\"58\"><label class=\"wpforms-field-label wpforms-label-hide\">everois(e) \/ non-everois(e)<\/label><ul id=\"wpforms-6808-field_58\"><li class=\"choice-1 depth-1\"><input type=\"radio\" id=\"wpforms-6808-field_58_1\" name=\"wpforms[fields][58]\" value=\"everois(e)\"  ><label class=\"wpforms-field-label-inline\" for=\"wpforms-6808-field_58_1\">everois(e)<\/label><\/li><li class=\"choice-2 depth-1\"><input type=\"radio\" id=\"wpforms-6808-field_58_2\" name=\"wpforms[fields][58]\" value=\"non-everois(e)\"  ><label class=\"wpforms-field-label-inline\" for=\"wpforms-6808-field_58_2\">non-everois(e)<\/label><\/li><\/ul><\/div><div id=\"wpforms-6808-field_13-container\" class=\"wpforms-field wpforms-field-name\" data-field-id=\"13\"><label class=\"wpforms-field-label\">Accompagnant(e) (3)<\/label><div class=\"wpforms-field-row wpforms-field-medium\"><div class=\"wpforms-field-row-block wpforms-first wpforms-one-half\"><input type=\"text\" id=\"wpforms-6808-field_13\" class=\"wpforms-field-name-first\" name=\"wpforms[fields][13][first]\" ><label for=\"wpforms-6808-field_13\" class=\"wpforms-field-sublabel after\">Pr\u00e9nom<\/label><\/div><div class=\"wpforms-field-row-block wpforms-one-half\"><input type=\"text\" id=\"wpforms-6808-field_13-last\" class=\"wpforms-field-name-last\" name=\"wpforms[fields][13][last]\" ><label for=\"wpforms-6808-field_13-last\" class=\"wpforms-field-sublabel after\">Nom<\/label><\/div><\/div><\/div><div id=\"wpforms-6808-field_60-container\" class=\"wpforms-field wpforms-field-radio\" data-field-id=\"60\"><label class=\"wpforms-field-label wpforms-label-hide\">everois(e) \/ non-everois(e)<\/label><ul id=\"wpforms-6808-field_60\"><li class=\"choice-1 depth-1\"><input type=\"radio\" id=\"wpforms-6808-field_60_1\" name=\"wpforms[fields][60]\" value=\"everois(e)\"  ><label class=\"wpforms-field-label-inline\" for=\"wpforms-6808-field_60_1\">everois(e)<\/label><\/li><li class=\"choice-2 depth-1\"><input type=\"radio\" id=\"wpforms-6808-field_60_2\" name=\"wpforms[fields][60]\" value=\"non-everois(e)\"  ><label class=\"wpforms-field-label-inline\" for=\"wpforms-6808-field_60_2\">non-everois(e)<\/label><\/li><\/ul><\/div><div id=\"wpforms-6808-field_19-container\" class=\"wpforms-field wpforms-field-name\" data-field-id=\"19\"><label class=\"wpforms-field-label\">Accompagnant(e) (4)<\/label><div class=\"wpforms-field-row wpforms-field-medium\"><div class=\"wpforms-field-row-block wpforms-first wpforms-one-half\"><input type=\"text\" id=\"wpforms-6808-field_19\" class=\"wpforms-field-name-first\" name=\"wpforms[fields][19][first]\" ><label for=\"wpforms-6808-field_19\" class=\"wpforms-field-sublabel after\">Pr\u00e9nom<\/label><\/div><div class=\"wpforms-field-row-block wpforms-one-half\"><input type=\"text\" id=\"wpforms-6808-field_19-last\" class=\"wpforms-field-name-last\" name=\"wpforms[fields][19][last]\" ><label for=\"wpforms-6808-field_19-last\" class=\"wpforms-field-sublabel after\">Nom<\/label><\/div><\/div><\/div><div id=\"wpforms-6808-field_59-container\" class=\"wpforms-field wpforms-field-radio\" data-field-id=\"59\"><label class=\"wpforms-field-label wpforms-label-hide\">everois(e) \/ non-everois(e)<\/label><ul id=\"wpforms-6808-field_59\"><li class=\"choice-1 depth-1\"><input type=\"radio\" id=\"wpforms-6808-field_59_1\" name=\"wpforms[fields][59]\" value=\"everois(e)\"  ><label class=\"wpforms-field-label-inline\" for=\"wpforms-6808-field_59_1\">everois(e)<\/label><\/li><li class=\"choice-2 depth-1\"><input type=\"radio\" id=\"wpforms-6808-field_59_2\" name=\"wpforms[fields][59]\" value=\"non-everois(e)\"  ><label class=\"wpforms-field-label-inline\" for=\"wpforms-6808-field_59_2\">non-everois(e)<\/label><\/li><\/ul><\/div><div id=\"wpforms-6808-field_46-container\" class=\"wpforms-field wpforms-field-gdpr-checkbox\" data-field-id=\"46\"><label class=\"wpforms-field-label\">Accord RGPD <span class=\"wpforms-required-label\">*<\/span><\/label><ul id=\"wpforms-6808-field_46\" class=\"wpforms-field-required\"><li class=\"choice-1\"><input type=\"checkbox\" id=\"wpforms-6808-field_46_1\" name=\"wpforms[fields][46][]\" value=\"Je consens \u00e0 ce que ce site stocke mes informations envoy\u00e9es afin qu\u2019ils puissent r\u00e9pondre \u00e0 ma requ\u00eate.\" required ><label class=\"wpforms-field-label-inline\" for=\"wpforms-6808-field_46_1\">Je consens \u00e0 ce que ce site stocke mes informations envoy\u00e9es afin qu\u2019ils puissent r\u00e9pondre \u00e0 ma requ\u00eate.<\/label><\/li><\/ul><\/div><\/div><!-- .wpforms-field-container --><div class=\"wpforms-field wpforms-field-hp\"><label for=\"wpforms-6808-field-hp\" class=\"wpforms-field-label\">Message<\/label><input type=\"text\" name=\"wpforms[hp]\" id=\"wpforms-6808-field-hp\" class=\"wpforms-field-medium\"><\/div><div class=\"wpforms-recaptcha-container wpforms-is-recaptcha wpforms-is-recaptcha-type-v3\" ><input type=\"hidden\" name=\"wpforms[recaptcha]\" value=\"\"><\/div><div class=\"wpforms-submit-container\" ><input type=\"hidden\" name=\"wpforms[id]\" value=\"6808\"><input type=\"hidden\" name=\"page_title\" value=\"\"><input type=\"hidden\" name=\"page_url\" value=\"https:\/\/ever-move.be\/index.php\/wp-json\/wp\/v2\/pages\/6825\"><input type=\"hidden\" name=\"url_referer\" value=\"\"><button type=\"submit\" name=\"wpforms[submit]\" id=\"wpforms-submit-6808\" class=\"wpforms-submit\" data-alt-text=\"Sending...\" data-submit-text=\"Submit\" aria-live=\"assertive\" value=\"wpforms-submit\">Submit<\/button><\/div><\/form><\/div>  <!-- .wpforms-container -->\t\t\t\t\t\t\t\t<\/div>\n\t\t\t\t<\/div>\n\t\t\t\t\t<\/div>\n\t\t<\/div>\n\t\t\t\t\t<\/div>\n\t\t<\/section>\n\t\t\t\t<section class=\"elementor-section elementor-top-section elementor-element elementor-element-78333761 elementor-section-boxed elementor-section-height-default elementor-section-height-default\" data-id=\"78333761\" data-element_type=\"section\" data-e-type=\"section\">\n\t\t\t\t\t\t<div class=\"elementor-container elementor-column-gap-default\">\n\t\t\t\t\t<div class=\"elementor-column elementor-col-100 elementor-top-column elementor-element elementor-element-734671f4\" data-id=\"734671f4\" data-element_type=\"column\" data-e-type=\"column\">\n\t\t\t<div class=\"elementor-widget-wrap\">\n\t\t\t\t\t\t\t<\/div>\n\t\t<\/div>\n\t\t\t\t\t<\/div>\n\t\t<\/section>\n\t\t\t\t<\/div>\n\t\t","protected":false},"excerpt":{"rendered":"<p>L\u2019asbl EVER-MOVE vous propose le samedi 20 d\u00e9cembre 2025, sa traditionnelle visite de march\u00e9s de No\u00ebl. Cette ann\u00e9e, nous vous proposons de d\u00e9couvrir Gravelines (et son plus beau march\u00e9 de la c\u00f4te d&rsquo;Opale) ainsi que la superbe Bruges ! Occasion de profiter en famille ou entre amis des joies et des plaisirs de la p\u00e9riode [&hellip;]<\/p>\n","protected":false},"author":3,"featured_media":0,"parent":719,"menu_order":0,"comment_status":"closed","ping_status":"closed","template":"","meta":{"footnotes":""},"class_list":["post-6825","page","type-page","status-publish","hentry","wpbf-post"],"jetpack_sharing_enabled":true,"jetpack_shortlink":"https:\/\/wp.me\/PaMEKx-1M5","_links":{"self":[{"href":"https:\/\/ever-move.be\/index.php\/wp-json\/wp\/v2\/pages\/6825","targetHints":{"allow":["GET"]}}],"collection":[{"href":"https:\/\/ever-move.be\/index.php\/wp-json\/wp\/v2\/pages"}],"about":[{"href":"https:\/\/ever-move.be\/index.php\/wp-json\/wp\/v2\/types\/page"}],"author":[{"embeddable":true,"href":"https:\/\/ever-move.be\/index.php\/wp-json\/wp\/v2\/users\/3"}],"replies":[{"embeddable":true,"href":"https:\/\/ever-move.be\/index.php\/wp-json\/wp\/v2\/comments?post=6825"}],"version-history":[{"count":24,"href":"https:\/\/ever-move.be\/index.php\/wp-json\/wp\/v2\/pages\/6825\/revisions"}],"predecessor-version":[{"id":6885,"href":"https:\/\/ever-move.be\/index.php\/wp-json\/wp\/v2\/pages\/6825\/revisions\/6885"}],"up":[{"embeddable":true,"href":"https:\/\/ever-move.be\/index.php\/wp-json\/wp\/v2\/pages\/719"}],"wp:attachment":[{"href":"https:\/\/ever-move.be\/index.php\/wp-json\/wp\/v2\/media?parent=6825"}],"curies":[{"name":"wp","href":"https:\/\/api.w.org\/{rel}","templated":true}]}}