{"id":5400,"date":"2019-03-01T13:11:18","date_gmt":"2019-03-01T12:11:18","guid":{"rendered":"https:\/\/ever-move.be\/?page_id=5400"},"modified":"2019-06-25T21:28:26","modified_gmt":"2019-06-25T19:28:26","slug":"qui-sommes-nous","status":"publish","type":"page","link":"https:\/\/ever-move.be\/index.php\/qui-sommes-nous\/","title":{"rendered":"Qui sommes nous ?"},"content":{"rendered":"\t\t<div data-elementor-type=\"wp-post\" data-elementor-id=\"5400\" class=\"elementor elementor-5400\">\n\t\t\t\t\t\t<section class=\"elementor-section elementor-top-section elementor-element elementor-element-59688eda elementor-section-boxed elementor-section-height-default elementor-section-height-default\" data-id=\"59688eda\" data-element_type=\"section\" data-e-type=\"section\">\n\t\t\t\t\t\t<div class=\"elementor-container elementor-column-gap-default\">\n\t\t\t\t\t<div class=\"elementor-column elementor-col-100 elementor-top-column elementor-element elementor-element-6a85e88f\" data-id=\"6a85e88f\" data-element_type=\"column\" data-e-type=\"column\">\n\t\t\t<div class=\"elementor-widget-wrap elementor-element-populated\">\n\t\t\t\t\t\t<div class=\"elementor-element elementor-element-6b279026 elementor-widget elementor-widget-text-editor\" data-id=\"6b279026\" data-element_type=\"widget\" data-e-type=\"widget\" data-widget_type=\"text-editor.default\">\n\t\t\t\t<div class=\"elementor-widget-container\">\n\t\t\t\t\t\t\t\t\t<p><img data-recalc-dims=\"1\" class=\"size-full wp-image-5179 alignleft lws-optimize-lazyload\"  alt=\"\" width=\"179\" height=\"58\" \/ data-src=\"https:\/\/i0.wp.com\/ever-move.be\/wp-content\/uploads\/2017\/09\/logo-everemove-li%C3%A9-et-sans-fond.png?resize=179%2C58\"><\/p><p class=\"x_MsoNormal\">L\u2019ASBL EVER-MOVE a \u00e9t\u00e9 cr\u00e9\u00e9e en avril 2008 dans le but de proposer des activit\u00e9s familiales, dynamiques dans les domaines sportif et socio-culturel.<br \/>L&rsquo;objectif principal est de profiter d\u2019exp\u00e9riences communes pour organiser des activit\u00e9s \u00ab tout public \u00bb qui se diversifieront au fil du temps.<br \/>Parmi les activit\u00e9s propos\u00e9es, on trouve des week-end \u00e0 Disneyland Paris, au tournoi de Roland Garros, des city-trip \u00e0 Paris, Amsterdam ou encore une lev\u00e9e de fond originale pour Ha\u00efti, un grand cross interscolaire \u00e0 Evere, une soir\u00e9e quizz ou des visites dans les plus beaux march\u00e9s de no\u00ebl d&rsquo;ici et d&rsquo;ailleurs.<br \/>Les b\u00e9n\u00e9fices de nos quelques activit\u00e9s ont notamment \u00e9t\u00e9 investis dans la r\u00e9alisation de nouveaux projets, dans la distribution de produits lors du mini cross ou pour aider certaines autres associations naissantes.<br \/>Notre \u00e9quipe de b\u00e9n\u00e9voles s&rsquo;est renouvel\u00e9e pour donner un nouveau souffle et de nouvelles id\u00e9es et construire de nouveaux projets.<img fetchpriority=\"high\" data-recalc-dims=\"1\" class=\"wp-image-5865 aligncenter lws-optimize-lazyload\"  alt=\"\" width=\"600\" height=\"418\" \/ data-src=\"https:\/\/i0.wp.com\/ever-move.be\/wp-content\/uploads\/2019\/05\/IMG-20190420-WA0000.jpg?resize=600%2C418\" srcset=\"https:\/\/i0.wp.com\/ever-move.be\/wp-content\/uploads\/2019\/05\/IMG-20190420-WA0000.jpg?w=1408&amp;ssl=1 1408w, https:\/\/i0.wp.com\/ever-move.be\/wp-content\/uploads\/2019\/05\/IMG-20190420-WA0000.jpg?resize=300%2C209&amp;ssl=1 300w, https:\/\/i0.wp.com\/ever-move.be\/wp-content\/uploads\/2019\/05\/IMG-20190420-WA0000.jpg?resize=768%2C535&amp;ssl=1 768w, https:\/\/i0.wp.com\/ever-move.be\/wp-content\/uploads\/2019\/05\/IMG-20190420-WA0000.jpg?resize=1024%2C713&amp;ssl=1 1024w\" sizes=\"(max-width: 600px) 100vw, 600px\" \/><\/p>\t\t\t\t\t\t\t\t<\/div>\n\t\t\t\t<\/div>\n\t\t\t\t\t<\/div>\n\t\t<\/div>\n\t\t\t\t\t<\/div>\n\t\t<\/section>\n\t\t\t\t<\/div>\n\t\t","protected":false},"excerpt":{"rendered":"<p>L\u2019ASBL EVER-MOVE a \u00e9t\u00e9 cr\u00e9\u00e9e en avril 2008 dans le but de proposer des activit\u00e9s familiales, dynamiques dans les domaines sportif et socio-culturel.L&rsquo;objectif principal est de profiter d\u2019exp\u00e9riences communes pour organiser des activit\u00e9s \u00ab tout public \u00bb qui se diversifieront au fil du temps.Parmi les activit\u00e9s propos\u00e9es, on trouve des week-end \u00e0 Disneyland Paris, au [&hellip;]<\/p>\n","protected":false},"author":3,"featured_media":0,"parent":0,"menu_order":0,"comment_status":"closed","ping_status":"open","template":"page-fullwidth.php","meta":{"footnotes":""},"class_list":["post-5400","page","type-page","status-publish","hentry","wpbf-post"],"jetpack_sharing_enabled":true,"jetpack_shortlink":"https:\/\/wp.me\/PaMEKx-1p6","_links":{"self":[{"href":"https:\/\/ever-move.be\/index.php\/wp-json\/wp\/v2\/pages\/5400","targetHints":{"allow":["GET"]}}],"collection":[{"href":"https:\/\/ever-move.be\/index.php\/wp-json\/wp\/v2\/pages"}],"about":[{"href":"https:\/\/ever-move.be\/index.php\/wp-json\/wp\/v2\/types\/page"}],"author":[{"embeddable":true,"href":"https:\/\/ever-move.be\/index.php\/wp-json\/wp\/v2\/users\/3"}],"replies":[{"embeddable":true,"href":"https:\/\/ever-move.be\/index.php\/wp-json\/wp\/v2\/comments?post=5400"}],"version-history":[{"count":12,"href":"https:\/\/ever-move.be\/index.php\/wp-json\/wp\/v2\/pages\/5400\/revisions"}],"predecessor-version":[{"id":5872,"href":"https:\/\/ever-move.be\/index.php\/wp-json\/wp\/v2\/pages\/5400\/revisions\/5872"}],"wp:attachment":[{"href":"https:\/\/ever-move.be\/index.php\/wp-json\/wp\/v2\/media?parent=5400"}],"curies":[{"name":"wp","href":"https:\/\/api.w.org\/{rel}","templated":true}]}}